{"id":50,"date":"2023-08-19T00:18:00","date_gmt":"2023-08-19T00:18:00","guid":{"rendered":"https:\/\/geomin.com.mx\/web2023\/?page_id=50"},"modified":"2025-10-23T23:19:06","modified_gmt":"2025-10-23T23:19:06","slug":"consejo-directivo-general-del-comite-damas","status":"publish","type":"page","link":"https:\/\/geomin.com.mx\/index.php\/consejo-directivo-general-del-comite-damas\/","title":{"rendered":"Consejo Directivo General del Comit\u00e9 Damas"},"content":{"rendered":"\t\t<div data-elementor-type=\"wp-page\" data-elementor-id=\"50\" class=\"elementor elementor-50\">\n\t\t\t\t\t\t\t\t\t<section class=\"elementor-section elementor-top-section elementor-element elementor-element-42a9505 elementor-section-height-min-height elementor-section-boxed elementor-section-height-default elementor-section-items-middle\" data-id=\"42a9505\" data-element_type=\"section\" data-settings=\"{&quot;background_background&quot;:&quot;classic&quot;}\">\n\t\t\t\t\t\t<div class=\"elementor-container elementor-column-gap-default\">\n\t\t\t\t\t<div class=\"elementor-column elementor-col-100 elementor-top-column elementor-element elementor-element-96ac24a\" data-id=\"96ac24a\" data-element_type=\"column\">\n\t\t\t<div class=\"elementor-widget-wrap elementor-element-populated\">\n\t\t\t\t\t\t\t\t<div class=\"elementor-element elementor-element-2e18a7b elementor-widget elementor-widget-text-editor\" data-id=\"2e18a7b\" data-element_type=\"widget\" data-widget_type=\"text-editor.default\">\n\t\t\t\t<div class=\"elementor-widget-container\">\n\t\t\t<style>\/*! elementor - v3.15.0 - 09-08-2023 *\/\n.elementor-widget-text-editor.elementor-drop-cap-view-stacked .elementor-drop-cap{background-color:#69727d;color:#fff}.elementor-widget-text-editor.elementor-drop-cap-view-framed .elementor-drop-cap{color:#69727d;border:3px solid;background-color:transparent}.elementor-widget-text-editor:not(.elementor-drop-cap-view-default) .elementor-drop-cap{margin-top:8px}.elementor-widget-text-editor:not(.elementor-drop-cap-view-default) .elementor-drop-cap-letter{width:1em;height:1em}.elementor-widget-text-editor .elementor-drop-cap{float:left;text-align:center;line-height:1;font-size:50px}.elementor-widget-text-editor .elementor-drop-cap-letter{display:inline-block}<\/style>\t\t\t\t<h2>Consejo Directivo General del Comit\u00e9 Damas de la A.I.M.M.G.M.<\/h2>\t\t\t\t\t\t<\/div>\n\t\t\t\t<\/div>\n\t\t\t\t\t<\/div>\n\t\t<\/div>\n\t\t\t\t\t\t\t<\/div>\n\t\t<\/section>\n\t\t\t\t<section class=\"elementor-section elementor-top-section elementor-element elementor-element-b2457c9 elementor-section-boxed elementor-section-height-default elementor-section-height-default\" data-id=\"b2457c9\" data-element_type=\"section\">\n\t\t\t\t\t\t<div class=\"elementor-container elementor-column-gap-default\">\n\t\t\t\t\t<div class=\"elementor-column elementor-col-100 elementor-top-column elementor-element elementor-element-3697289\" data-id=\"3697289\" data-element_type=\"column\">\n\t\t\t<div class=\"elementor-widget-wrap elementor-element-populated\">\n\t\t\t\t\t\t\t\t<div class=\"elementor-element elementor-element-5650378 elementor-widget elementor-widget-text-editor\" data-id=\"5650378\" data-element_type=\"widget\" data-widget_type=\"text-editor.default\">\n\t\t\t\t<div class=\"elementor-widget-container\">\n\t\t\t\t\t\t\t<h2>Bienio 2024-2026<\/h2>\t\t\t\t\t\t<\/div>\n\t\t\t\t<\/div>\n\t\t\t\t\t<\/div>\n\t\t<\/div>\n\t\t\t\t\t\t\t<\/div>\n\t\t<\/section>\n\t\t\t\t<section class=\"elementor-section elementor-top-section elementor-element elementor-element-7f7f231 elementor-section-boxed elementor-section-height-default elementor-section-height-default\" data-id=\"7f7f231\" data-element_type=\"section\">\n\t\t\t\t\t\t<div class=\"elementor-container elementor-column-gap-default\">\n\t\t\t\t\t<div class=\"elementor-column elementor-col-66 elementor-top-column elementor-element elementor-element-8a90994\" data-id=\"8a90994\" data-element_type=\"column\">\n\t\t\t<div class=\"elementor-widget-wrap elementor-element-populated\">\n\t\t\t\t\t\t\t\t<div class=\"elementor-element elementor-element-182817f elementor-widget elementor-widget-text-editor\" data-id=\"182817f\" data-element_type=\"widget\" data-widget_type=\"text-editor.default\">\n\t\t\t\t<div class=\"elementor-widget-container\">\n\t\t\t\t\t\t\t<h3 align=\"center\"><strong>Presidenta<\/strong><\/h3><p align=\"center\">Sra. Mar\u00eda Reyes Palomo<\/p><h4><strong>Vicepresidenta Administrativa<\/strong><\/h4><p>Sra. Sandra Idalia Silva P\u00e9rez<\/p><h4>Vicepresidenta T\u00e9cnica<\/h4><p>Sra. Ma. Isabel Luevano Manzanares<\/p><p><span style=\"font-family: var(--headingsfontfamily),var(--nv-fallback-ff); font-size: var(--h4fontsize); font-weight: var(--h4fontweight); letter-spacing: var(--h4letterspacing); text-transform: var(--h4texttransform); background-color: var(--nv-site-bg);\">Vicepresidenta Educativa<\/span><\/p><p><span style=\"background-color: var(--nv-site-bg);\">Sra. Damaris Nathaly Salas Guti\u00e9rrez<\/span><\/p><p><span style=\"font-family: var(--headingsfontfamily),var(--nv-fallback-ff); font-size: var(--h4fontsize); font-weight: var(--h4fontweight); letter-spacing: var(--h4letterspacing); text-transform: var(--h4texttransform); background-color: var(--nv-site-bg);\">Vicepresidenta Sostenibilidad<\/span><\/p><p>Sra. Mar\u00eda del Roc\u00edo Padilla Hern\u00e1ndez<\/p>\t\t\t\t\t\t<\/div>\n\t\t\t\t<\/div>\n\t\t\t\t\t<\/div>\n\t\t<\/div>\n\t\t\t\t<div class=\"elementor-column elementor-col-33 elementor-top-column elementor-element elementor-element-5b54bd4\" data-id=\"5b54bd4\" data-element_type=\"column\">\n\t\t\t<div class=\"elementor-widget-wrap elementor-element-populated\">\n\t\t\t\t\t\t\t\t<div class=\"elementor-element elementor-element-c4eaae0 elementor-widget elementor-widget-text-editor\" data-id=\"c4eaae0\" data-element_type=\"widget\" data-widget_type=\"text-editor.default\">\n\t\t\t\t<div class=\"elementor-widget-container\">\n\t\t\t\t\t\t\t<div>\u00a0<\/div><h4>Secretaria <\/h4><p>Sra. Alejandra Garc\u00eda V\u00e1zquez<\/p><h4>Tesorera<\/h4><p>Sra. Teresa De Jes\u00fas Ter\u00e1n L\u00f3pez<\/p>\t\t\t\t\t\t<\/div>\n\t\t\t\t<\/div>\n\t\t\t\t<div class=\"elementor-element elementor-element-c90b475 elementor-widget elementor-widget-text-editor\" data-id=\"c90b475\" data-element_type=\"widget\" data-widget_type=\"text-editor.default\">\n\t\t\t\t<div class=\"elementor-widget-container\">\n\t\t\t\t\t\t\t<h4 align=\"center\">Coordinadoras Regionales<\/h4><p>Sra. Carmen Esther Rojo Padilla<\/p><div>\u00a0<\/div><div>Sra. Adriana Patricia Ram\u00edrez Cervantes<\/div><div>\u00a0<\/div><div>Sra. Mireya Karina Escobar Ayala<\/div><p>\u00a0<\/p>\t\t\t\t\t\t<\/div>\n\t\t\t\t<\/div>\n\t\t\t\t\t<\/div>\n\t\t<\/div>\n\t\t\t\t\t\t\t<\/div>\n\t\t<\/section>\n\t\t\t\t<section class=\"elementor-section elementor-top-section elementor-element elementor-element-09e5f46 elementor-section-boxed elementor-section-height-default elementor-section-height-default\" data-id=\"09e5f46\" data-element_type=\"section\">\n\t\t\t\t\t\t<div class=\"elementor-container elementor-column-gap-default\">\n\t\t\t\t\t<div class=\"elementor-column elementor-col-100 elementor-top-column elementor-element elementor-element-f31a01a\" data-id=\"f31a01a\" data-element_type=\"column\">\n\t\t\t<div class=\"elementor-widget-wrap elementor-element-populated\">\n\t\t\t\t\t\t\t\t<div class=\"elementor-element elementor-element-26db8c1 elementor-widget elementor-widget-spacer\" data-id=\"26db8c1\" data-element_type=\"widget\" data-widget_type=\"spacer.default\">\n\t\t\t\t<div class=\"elementor-widget-container\">\n\t\t\t<style>\/*! elementor - v3.15.0 - 09-08-2023 *\/\n.elementor-column .elementor-spacer-inner{height:var(--spacer-size)}.e-con{--container-widget-width:100%}.e-con-inner>.elementor-widget-spacer,.e-con>.elementor-widget-spacer{width:var(--container-widget-width,var(--spacer-size));--align-self:var(--container-widget-align-self,initial);--flex-shrink:0}.e-con-inner>.elementor-widget-spacer>.elementor-widget-container,.e-con-inner>.elementor-widget-spacer>.elementor-widget-container>.elementor-spacer,.e-con>.elementor-widget-spacer>.elementor-widget-container,.e-con>.elementor-widget-spacer>.elementor-widget-container>.elementor-spacer{height:100%}.e-con-inner>.elementor-widget-spacer>.elementor-widget-container>.elementor-spacer>.elementor-spacer-inner,.e-con>.elementor-widget-spacer>.elementor-widget-container>.elementor-spacer>.elementor-spacer-inner{height:var(--container-widget-height,var(--spacer-size))}<\/style>\t\t<div class=\"elementor-spacer\">\n\t\t\t<div class=\"elementor-spacer-inner\"><\/div>\n\t\t<\/div>\n\t\t\t\t<\/div>\n\t\t\t\t<\/div>\n\t\t\t\t\t<\/div>\n\t\t<\/div>\n\t\t\t\t\t\t\t<\/div>\n\t\t<\/section>\n\t\t\t\t\t\t\t<\/div>\n\t\t","protected":false},"excerpt":{"rendered":"<p>Consejo Directivo General del Comit\u00e9 Damas de la A.I.M.M.G.M. Bienio 2024-2026 Presidenta Sra. Mar\u00eda Reyes Palomo Vicepresidenta Administrativa Sra. Sandra Idalia Silva P\u00e9rez Vicepresidenta T\u00e9cnica Sra. Ma. Isabel Luevano Manzanares Vicepresidenta Educativa Sra. Damaris Nathaly Salas Guti\u00e9rrez Vicepresidenta Sostenibilidad Sra. Mar\u00eda del Roc\u00edo Padilla Hern\u00e1ndez \u00a0 Secretaria Sra. Alejandra Garc\u00eda V\u00e1zquez Tesorera Sra. Teresa De&hellip;&nbsp;<a href=\"https:\/\/geomin.com.mx\/index.php\/consejo-directivo-general-del-comite-damas\/\" class=\"\" rel=\"bookmark\">Leer m\u00e1s &raquo;<span class=\"screen-reader-text\">Consejo Directivo General del Comit\u00e9 Damas<\/span><\/a><\/p>\n","protected":false},"author":2,"featured_media":0,"parent":0,"menu_order":0,"comment_status":"closed","ping_status":"closed","template":"page-templates\/template-pagebuilder-full-width.php","meta":{"neve_meta_sidebar":"","neve_meta_container":"","neve_meta_enable_content_width":"","neve_meta_content_width":0,"neve_meta_title_alignment":"","neve_meta_author_avatar":"","neve_post_elements_order":"","neve_meta_disable_header":"","neve_meta_disable_footer":"","neve_meta_disable_title":"","_ti_tpc_template_sync":false,"_ti_tpc_template_id":"","footnotes":""},"class_list":["post-50","page","type-page","status-publish","hentry"],"_links":{"self":[{"href":"https:\/\/geomin.com.mx\/index.php\/wp-json\/wp\/v2\/pages\/50","targetHints":{"allow":["GET"]}}],"collection":[{"href":"https:\/\/geomin.com.mx\/index.php\/wp-json\/wp\/v2\/pages"}],"about":[{"href":"https:\/\/geomin.com.mx\/index.php\/wp-json\/wp\/v2\/types\/page"}],"author":[{"embeddable":true,"href":"https:\/\/geomin.com.mx\/index.php\/wp-json\/wp\/v2\/users\/2"}],"replies":[{"embeddable":true,"href":"https:\/\/geomin.com.mx\/index.php\/wp-json\/wp\/v2\/comments?post=50"}],"version-history":[{"count":30,"href":"https:\/\/geomin.com.mx\/index.php\/wp-json\/wp\/v2\/pages\/50\/revisions"}],"predecessor-version":[{"id":1891,"href":"https:\/\/geomin.com.mx\/index.php\/wp-json\/wp\/v2\/pages\/50\/revisions\/1891"}],"wp:attachment":[{"href":"https:\/\/geomin.com.mx\/index.php\/wp-json\/wp\/v2\/media?parent=50"}],"curies":[{"name":"wp","href":"https:\/\/api.w.org\/{rel}","templated":true}]}}