{"id":491,"date":"2023-09-27T00:27:27","date_gmt":"2023-09-27T00:27:27","guid":{"rendered":"https:\/\/geomin.com.mx\/web2023\/?page_id=491"},"modified":"2025-09-02T00:43:34","modified_gmt":"2025-09-02T00:43:34","slug":"nuestros-distritos","status":"publish","type":"page","link":"https:\/\/geomin.com.mx\/index.php\/nuestros-distritos\/","title":{"rendered":"Nuestros Distritos"},"content":{"rendered":"\t\t<div data-elementor-type=\"wp-page\" data-elementor-id=\"491\" class=\"elementor elementor-491\">\n\t\t\t\t\t\t\t\t\t<section class=\"elementor-section elementor-top-section elementor-element elementor-element-a1e3c35 elementor-section-height-min-height elementor-section-boxed elementor-section-height-default elementor-section-items-middle\" data-id=\"a1e3c35\" data-element_type=\"section\" data-settings=\"{&quot;background_background&quot;:&quot;classic&quot;}\">\n\t\t\t\t\t\t<div class=\"elementor-container elementor-column-gap-default\">\n\t\t\t\t\t<div class=\"elementor-column elementor-col-100 elementor-top-column elementor-element elementor-element-c1bee64\" data-id=\"c1bee64\" data-element_type=\"column\">\n\t\t\t<div class=\"elementor-widget-wrap elementor-element-populated\">\n\t\t\t\t\t\t\t\t<div class=\"elementor-element elementor-element-765de8f elementor-widget__width-inherit elementor-widget elementor-widget-text-editor\" data-id=\"765de8f\" data-element_type=\"widget\" data-widget_type=\"text-editor.default\">\n\t\t\t\t<div class=\"elementor-widget-container\">\n\t\t\t<style>\/*! elementor - v3.15.0 - 09-08-2023 *\/\n.elementor-widget-text-editor.elementor-drop-cap-view-stacked .elementor-drop-cap{background-color:#69727d;color:#fff}.elementor-widget-text-editor.elementor-drop-cap-view-framed .elementor-drop-cap{color:#69727d;border:3px solid;background-color:transparent}.elementor-widget-text-editor:not(.elementor-drop-cap-view-default) .elementor-drop-cap{margin-top:8px}.elementor-widget-text-editor:not(.elementor-drop-cap-view-default) .elementor-drop-cap-letter{width:1em;height:1em}.elementor-widget-text-editor .elementor-drop-cap{float:left;text-align:center;line-height:1;font-size:50px}.elementor-widget-text-editor .elementor-drop-cap-letter{display:inline-block}<\/style>\t\t\t\t<h1 style=\"text-align: center;\">NUESTROS DISTRITOS<\/h1>\t\t\t\t\t\t<\/div>\n\t\t\t\t<\/div>\n\t\t\t\t\t<\/div>\n\t\t<\/div>\n\t\t\t\t\t\t\t<\/div>\n\t\t<\/section>\n\t\t\t\t<section class=\"elementor-section elementor-top-section elementor-element elementor-element-d925487 elementor-section-boxed elementor-section-height-default elementor-section-height-default\" data-id=\"d925487\" data-element_type=\"section\">\n\t\t\t\t\t\t<div class=\"elementor-container elementor-column-gap-default\">\n\t\t\t\t\t<div class=\"elementor-column elementor-col-100 elementor-top-column elementor-element elementor-element-8ced65a\" data-id=\"8ced65a\" data-element_type=\"column\">\n\t\t\t<div class=\"elementor-widget-wrap elementor-element-populated\">\n\t\t\t\t\t\t\t\t<div class=\"elementor-element elementor-element-168fae6 elementor-widget elementor-widget-spacer\" data-id=\"168fae6\" data-element_type=\"widget\" data-widget_type=\"spacer.default\">\n\t\t\t\t<div class=\"elementor-widget-container\">\n\t\t\t<style>\/*! elementor - v3.15.0 - 09-08-2023 *\/\n.elementor-column .elementor-spacer-inner{height:var(--spacer-size)}.e-con{--container-widget-width:100%}.e-con-inner>.elementor-widget-spacer,.e-con>.elementor-widget-spacer{width:var(--container-widget-width,var(--spacer-size));--align-self:var(--container-widget-align-self,initial);--flex-shrink:0}.e-con-inner>.elementor-widget-spacer>.elementor-widget-container,.e-con-inner>.elementor-widget-spacer>.elementor-widget-container>.elementor-spacer,.e-con>.elementor-widget-spacer>.elementor-widget-container,.e-con>.elementor-widget-spacer>.elementor-widget-container>.elementor-spacer{height:100%}.e-con-inner>.elementor-widget-spacer>.elementor-widget-container>.elementor-spacer>.elementor-spacer-inner,.e-con>.elementor-widget-spacer>.elementor-widget-container>.elementor-spacer>.elementor-spacer-inner{height:var(--container-widget-height,var(--spacer-size))}<\/style>\t\t<div class=\"elementor-spacer\">\n\t\t\t<div class=\"elementor-spacer-inner\"><\/div>\n\t\t<\/div>\n\t\t\t\t<\/div>\n\t\t\t\t<\/div>\n\t\t\t\t\t<\/div>\n\t\t<\/div>\n\t\t\t\t\t\t\t<\/div>\n\t\t<\/section>\n\t\t\t\t<section class=\"elementor-section elementor-top-section elementor-element elementor-element-9932512 elementor-section-boxed elementor-section-height-default elementor-section-height-default\" data-id=\"9932512\" data-element_type=\"section\">\n\t\t\t\t\t\t<div class=\"elementor-container elementor-column-gap-default\">\n\t\t\t\t\t<div class=\"elementor-column elementor-col-100 elementor-top-column elementor-element elementor-element-295e608\" data-id=\"295e608\" data-element_type=\"column\">\n\t\t\t<div class=\"elementor-widget-wrap\">\n\t\t\t\t\t\t\t\t\t<\/div>\n\t\t<\/div>\n\t\t\t\t\t\t\t<\/div>\n\t\t<\/section>\n\t\t\t\t<section class=\"elementor-section elementor-top-section elementor-element elementor-element-2a9589e elementor-section-boxed elementor-section-height-default elementor-section-height-default\" data-id=\"2a9589e\" data-element_type=\"section\">\n\t\t\t\t\t\t<div class=\"elementor-container elementor-column-gap-default\">\n\t\t\t\t\t<div class=\"elementor-column elementor-col-100 elementor-top-column elementor-element elementor-element-91c6f38\" data-id=\"91c6f38\" data-element_type=\"column\">\n\t\t\t<div class=\"elementor-widget-wrap elementor-element-populated\">\n\t\t\t\t\t\t\t\t<div class=\"elementor-element elementor-element-2d7b003 elementor-widget elementor-widget-text-editor\" data-id=\"2d7b003\" data-element_type=\"widget\" data-widget_type=\"text-editor.default\">\n\t\t\t\t<div class=\"elementor-widget-container\">\n\t\t\t\t\t\t\t<table cellspacing=\"0\" cellpadding=\"0\"><tbody><tr><td bgcolor=\"#FFCC00\" width=\"65\"><strong>No.:<\/strong><\/td><td bgcolor=\"#FFCC00\" width=\"176\"><strong>Distrito:<\/strong><\/td><td bgcolor=\"#FFCC00\" width=\"252\"><strong>Presidente:<\/strong><\/td><td bgcolor=\"#FFCC00\" width=\"342\"><strong>Contacto<\/strong><\/td><\/tr><\/tbody><\/table>\t\t\t\t\t\t<\/div>\n\t\t\t\t<\/div>\n\t\t\t\t<div class=\"elementor-element elementor-element-73a53f5 elementor-widget elementor-widget-text-editor\" data-id=\"73a53f5\" data-element_type=\"widget\" data-widget_type=\"text-editor.default\">\n\t\t\t\t<div class=\"elementor-widget-container\">\n\t\t\t\t\t\t\t<table width=\"513\"><tbody><tr><td width=\"36\">1<\/td><td width=\"94\">CHIHUAHUA<\/td><td width=\"201\"><span style=\"font-size: 14.4px;\">M.C.\u00a0 Angelica Mena Escobar<\/span><\/td><td width=\"182\"><a href=\"mailto:geozambrano1938@gmail.com\">geozambrano1938@gmail.com<\/a><\/td><\/tr><tr><td width=\"36\">2<\/td><td width=\"94\">PARRAL<\/td><td width=\"201\">ING. JOSE PORFIRIO PEREZ GUZMAN<\/td><td width=\"182\"><a href=\"mailto:jose.perez1@mm.gmexico.com\">jose.perez1@mm.gmexico.com <\/a><\/td><\/tr><tr><td width=\"36\">3<\/td><td width=\"94\">MEXICO<\/td><td width=\"201\">Ing. Amador N\u00fa\u00f1ez Miranda<\/td><td width=\"182\"><a href=\"mailto:yacis14@gmail.com\">yacis14@gmail.com<\/a><\/td><\/tr><tr><td width=\"36\">4<\/td><td width=\"94\">PACHUCA<\/td><td width=\"201\">ALBA ELENA PEREZ RODRIGUEZ<\/td><td width=\"182\"><a href=\"mailto:albaelena@sgm.gob.mx\">albaelena@sgm.gob.mx <\/a><\/td><\/tr><tr><td width=\"36\">6<\/td><td width=\"94\">GUADALAJARA<\/td><td width=\"201\">Ing. Antonio Loya Reta<\/td><td width=\"182\"><a href=\"mailto:tequihuaminas@gmail.com\">tequihuaminas@gmail.com<\/a><\/td><\/tr><tr><td width=\"36\">7<\/td><td width=\"94\">NUEVO LEON<\/td><td width=\"201\">NORBERTO TADEO ZAVALA MEDELLIN<\/td><td width=\"182\"><a href=\"mailto:norberto.zavala@inmso.com\">norberto.zavala@inmso.com <\/a><\/td><\/tr><tr><td width=\"36\">8<\/td><td width=\"94\">GUANAJUATO<\/td><td width=\"201\">Ing. V\u00edctor Manuel Hern\u00e1ndez Manr\u00edquez<\/td><td width=\"182\"><a href=\"mailto:vikis@ugto.mx\">vikis@ugto.mx<\/a><\/td><\/tr><tr><td width=\"36\">9<\/td><td width=\"94\">SONORA<\/td><td width=\"201\">Ing. Roberto Sitten Ayala<\/td><td width=\"182\"><a href=\"mailto:sitten_trax@hotmail.com\">sitten_trax@hotmail.com<\/a><\/td><\/tr><tr><td width=\"36\">11<\/td><td width=\"94\">LA PAZ, SLP<\/td><td width=\"201\">JOSE DIEGO TENORIO BADILLO<\/td><td width=\"182\"><a href=\"mailto:jose.tenorio@nemisa.com.mx\">jose.tenorio@nemisa.com.mx <\/a><\/td><\/tr><tr><td width=\"36\">12<\/td><td width=\"94\">ZACATECAS<\/td><td width=\"201\">ABEL GONZALEZ VARGAS<\/td><td width=\"182\"><a href=\"mailto:agonzalezv@capstonecopper.com\">agonzalezv@capstonecopper.com<\/a><\/td><\/tr><tr><td width=\"36\">14<\/td><td width=\"94\">LAGUNA<\/td><td width=\"201\">Ing. Jos\u00e9 Luis Cervantes Segura<\/td><td width=\"182\">jose-luis_cervantes@penoles.com.mx<\/td><\/tr><tr><td rowspan=\"2\" width=\"36\">18<\/td><td rowspan=\"2\" width=\"94\">SAN LUIS POTOSI<\/td><td rowspan=\"2\" width=\"201\">Dra. Rubicelia Garc\u00eda Garnica<\/td><\/tr><tr><td width=\"182\">rubicelia.garnica@uaslp.mx<\/td><\/tr><tr><td width=\"36\">19<\/td><td width=\"94\">SOMBRERETE \u201cJUAN HOLGUIN\u201d<\/td><td width=\"201\">GONZALO GATICA JIMENEZ<\/td><td width=\"182\"><a href=\"mailto:Gonzalo_Gatica@penoles.com.mx\">Gonzalo_Gatica@penoles.com.mx <\/a><\/td><\/tr><tr><td width=\"36\">21<\/td><td width=\"94\">FRESNILLO<\/td><td width=\"201\">HUGO SILVA LUGO<\/td><td width=\"182\"><a href=\"mailto:Hugo_Silva@fresnilloplc.com\">Hugo_Silva@fresnilloplc.com<\/a><\/td><\/tr><tr><td width=\"36\">25<\/td><td width=\"94\">DURANGO<\/td><td width=\"201\">Ing. Juan Morales G\u00f3mez<\/td><td width=\"182\"><a href=\"mailto:jminero66@hotmail.com\">jminero66@hotmail.com<\/a><\/td><\/tr><tr><td width=\"36\">27<\/td><td width=\"94\">SALTILLO<\/td><td width=\"201\">GREGORIO MIRELES CERVANTES<\/td><td width=\"182\"><a href=\"mailto:gregoriomireles@hotmail.com\">gregoriomireles@hotmail.com <\/a><\/td><\/tr><tr><td width=\"36\">28<\/td><td width=\"94\">ZIMAPAN<\/td><td width=\"201\">JOSE CARLOS BRAVO MELENDEZ<\/td><td width=\"182\"><a href=\"mailto:carlos.bravo@carrizalm.com\">carlos.bravo@carrizalm.com <\/a><\/td><\/tr><tr><td width=\"36\">36<\/td><td width=\"94\">SINALOA<\/td><td width=\"201\">Ing. Juan Mu\u00f1oz S\u00e1nchez<\/td><td width=\"182\"><a href=\"mailto:juanmunozsan@outloock.com\" target=\"_blank\" rel=\"noopener\">juanmunozsan@outloock.com<\/a><\/td><\/tr><tr><td width=\"36\">37<\/td><td width=\"94\">CANANEA<\/td><td width=\"201\">ADOLFO GASTELUM DEOLARTE<\/td><td width=\"182\"><a href=\"mailto:adolfo.gastelum@mm.gmexico.com\">adolfo.gastelum@mm.gmexico.com <\/a><\/td><\/tr><tr><td width=\"36\">40<\/td><td width=\"94\">BAJA CALIFORNIA SUR<\/td><td width=\"201\">LOURDES GONZALEZ CORONA<\/td><td width=\"182\"><a href=\"mailto:corona-lourdes2@hotmail.com\">corona-lourdes2@hotmail.com <\/a><\/td><\/tr><tr><td width=\"36\">41<\/td><td width=\"94\">ZACUALPAN<\/td><td width=\"201\">FRANCISCO HERNANDEZ ROCHA<\/td><td width=\"182\"><a href=\"mailto:hdezrocha@hotmail.com\">hdezrocha@hotmail.com <\/a><\/td><\/tr><tr><td width=\"36\">49<\/td><td width=\"94\">NACOZARI<\/td><td width=\"201\">MANUEL ALEJANDRO CORDOVA BRACAMONTE<\/td><td width=\"182\"><a href=\"mailto:manuel.cordova@mm.gmexico.com\">\u00a0manuel.cordova@mm.gmexico.com<\/a><\/td><\/tr><tr><td width=\"36\">59<\/td><td width=\"94\">ESTADO DE MEXICO<\/td><td width=\"201\">CARLOS TAVARES TLACUILO<\/td><td width=\"182\"><a href=\"mailto:carlos_tavares@penoles.com.mx\">carlos_tavares@penoles.com.mx <\/a><\/td><\/tr><tr><td width=\"36\">61<\/td><td width=\"94\">LA CIENEGA<\/td><td width=\"201\">HECTOR IVAN TOLEDO CASTILLO<\/td><td width=\"182\"><a href=\"mailto:hector-ivan_toledo@fresnilloplc.com\">hector-ivan_toledo@fresnilloplc.com <\/a><\/td><\/tr><tr><td width=\"36\">63<\/td><td width=\"94\">ZACAZONAPAN<\/td><td width=\"201\">JOSE GUILLERMO DE AVILA PACHECO<\/td><td width=\"182\"><a href=\"mailto:guillermo_avila@penoles.com.mx\">guillermo_avila@penoles.com.mx <\/a><\/td><\/tr><tr><td width=\"36\">65<\/td><td width=\"94\">LA CARBONIFERA<\/td><td width=\"201\">ARTURO BUENO TOKUNAGA<\/td><td width=\"182\"><a href=\"mailto:arturobueno@uadec.edu.mx\">arturobueno@uadec.edu.mx <\/a><\/td><\/tr><tr><td width=\"36\">68<\/td><td width=\"94\">ESQUEDA<\/td><td width=\"201\">HECTOR HIDALGO CORREA<\/td><td width=\"182\"><a href=\"mailto:hector.hidalgo@mm.gmexico.com\">hector.hidalgo@mm.gmexico.com <\/a><\/td><\/tr><tr><td width=\"36\">71<\/td><td width=\"94\">LOS FILOS<\/td><td width=\"201\">CARLOS ALBERTO AMEZCUA FUENTES<\/td><td width=\"182\"><a href=\"mailto:carlos.amezcua@equinoxgold.com\">carlos.amezcua@equinoxgold.com <\/a><\/td><\/tr><tr><td width=\"36\">72<\/td><td width=\"94\">SAN JULIAN<\/td><td width=\"201\">JESUS TOMAS LICERIO VALENZUELA<\/td><td width=\"182\"><a href=\"mailto:tomas_licerio@fresnilloplc.com\">tomas_licerio@fresnilloplc.com <\/a><\/td><\/tr><tr><td width=\"36\">73<\/td><td width=\"94\">VELARDE\u00d1A<\/td><td width=\"201\">Ing. Edgar Mart\u00ednez Gonz\u00e1lez<\/td><td width=\"182\"><a href=\"mailto:juanmunozsan@outlook.com\">juanmunozsan@outlook.com<\/a><\/td><\/tr><tr><td width=\"36\">75<\/td><td width=\"94\">CABORCA<\/td><td width=\"201\">Ing. F\u00e1tima Rendon Meneses<\/td><td width=\"182\"><a href=\"mailto:fatimarendon.meneses30@gmail.com\">fatimarendon.meneses30@gmail.com<\/a><\/td><\/tr><tr><td width=\"36\">78<\/td><td width=\"94\">CAPELA<\/td><td width=\"201\">GILBERTO ESAUL DE LA TORRE TORRES<\/td><td width=\"182\"><a href=\"mailto:gilberto-esaul_delatorre@penoles.com.mx\">gilberto-esaul_delatorre@penoles.com.mx<\/a><\/td><\/tr><tr><td width=\"36\">79<\/td><td width=\"94\">MEDIA LUNA<\/td><td width=\"201\">Ing. Luis Fernando S\u00e1nchez Encinas<\/td><td width=\"182\">Luis.Sanchez@torexgold.com<\/td><\/tr><\/tbody><\/table>\t\t\t\t\t\t<\/div>\n\t\t\t\t<\/div>\n\t\t\t\t\t<\/div>\n\t\t<\/div>\n\t\t\t\t\t\t\t<\/div>\n\t\t<\/section>\n\t\t\t\t\t\t\t<\/div>\n\t\t","protected":false},"excerpt":{"rendered":"<p>NUESTROS DISTRITOS No.: Distrito: Presidente: Contacto 1 CHIHUAHUA M.C.\u00a0 Angelica Mena Escobar geozambrano1938@gmail.com 2 PARRAL ING. JOSE PORFIRIO PEREZ GUZMAN jose.perez1@mm.gmexico.com 3 MEXICO Ing. Amador N\u00fa\u00f1ez Miranda yacis14@gmail.com 4 PACHUCA ALBA ELENA PEREZ RODRIGUEZ albaelena@sgm.gob.mx 6 GUADALAJARA Ing. Antonio Loya Reta tequihuaminas@gmail.com 7 NUEVO LEON NORBERTO TADEO ZAVALA MEDELLIN norberto.zavala@inmso.com 8 GUANAJUATO Ing. V\u00edctor Manuel&hellip;&nbsp;<a href=\"https:\/\/geomin.com.mx\/index.php\/nuestros-distritos\/\" class=\"\" rel=\"bookmark\">Leer m\u00e1s &raquo;<span class=\"screen-reader-text\">Nuestros Distritos<\/span><\/a><\/p>\n","protected":false},"author":1,"featured_media":0,"parent":0,"menu_order":0,"comment_status":"closed","ping_status":"closed","template":"page-templates\/template-pagebuilder-full-width.php","meta":{"neve_meta_sidebar":"","neve_meta_container":"","neve_meta_enable_content_width":"","neve_meta_content_width":0,"neve_meta_title_alignment":"","neve_meta_author_avatar":"","neve_post_elements_order":"","neve_meta_disable_header":"","neve_meta_disable_footer":"","neve_meta_disable_title":"","_ti_tpc_template_sync":false,"_ti_tpc_template_id":"","footnotes":""},"class_list":["post-491","page","type-page","status-publish","hentry"],"_links":{"self":[{"href":"https:\/\/geomin.com.mx\/index.php\/wp-json\/wp\/v2\/pages\/491","targetHints":{"allow":["GET"]}}],"collection":[{"href":"https:\/\/geomin.com.mx\/index.php\/wp-json\/wp\/v2\/pages"}],"about":[{"href":"https:\/\/geomin.com.mx\/index.php\/wp-json\/wp\/v2\/types\/page"}],"author":[{"embeddable":true,"href":"https:\/\/geomin.com.mx\/index.php\/wp-json\/wp\/v2\/users\/1"}],"replies":[{"embeddable":true,"href":"https:\/\/geomin.com.mx\/index.php\/wp-json\/wp\/v2\/comments?post=491"}],"version-history":[{"count":40,"href":"https:\/\/geomin.com.mx\/index.php\/wp-json\/wp\/v2\/pages\/491\/revisions"}],"predecessor-version":[{"id":1845,"href":"https:\/\/geomin.com.mx\/index.php\/wp-json\/wp\/v2\/pages\/491\/revisions\/1845"}],"wp:attachment":[{"href":"https:\/\/geomin.com.mx\/index.php\/wp-json\/wp\/v2\/media?parent=491"}],"curies":[{"name":"wp","href":"https:\/\/api.w.org\/{rel}","templated":true}]}}