{"id":45,"date":"2023-08-18T23:23:27","date_gmt":"2023-08-18T23:23:27","guid":{"rendered":"https:\/\/geomin.com.mx\/web2023\/?page_id=45"},"modified":"2026-04-17T01:04:49","modified_gmt":"2026-04-17T01:04:49","slug":"consejo-directivo-nacional","status":"publish","type":"page","link":"https:\/\/geomin.com.mx\/index.php\/consejo-directivo-nacional\/","title":{"rendered":"Consejo Directivo Nacional"},"content":{"rendered":"\t\t<div data-elementor-type=\"wp-page\" data-elementor-id=\"45\" class=\"elementor elementor-45\">\n\t\t\t\t\t\t\t\t\t<section class=\"elementor-section elementor-top-section elementor-element elementor-element-1f34246 elementor-section-height-min-height elementor-section-boxed elementor-section-height-default elementor-section-items-middle\" data-id=\"1f34246\" data-element_type=\"section\" data-settings=\"{&quot;background_background&quot;:&quot;classic&quot;}\">\n\t\t\t\t\t\t<div class=\"elementor-container elementor-column-gap-default\">\n\t\t\t\t\t<div class=\"elementor-column elementor-col-100 elementor-top-column elementor-element elementor-element-15088e5\" data-id=\"15088e5\" data-element_type=\"column\">\n\t\t\t<div class=\"elementor-widget-wrap elementor-element-populated\">\n\t\t\t\t\t\t\t\t<div class=\"elementor-element elementor-element-2f759ca elementor-widget elementor-widget-text-editor\" data-id=\"2f759ca\" data-element_type=\"widget\" data-widget_type=\"text-editor.default\">\n\t\t\t\t<div class=\"elementor-widget-container\">\n\t\t\t<style>\/*! elementor - v3.15.0 - 09-08-2023 *\/\n.elementor-widget-text-editor.elementor-drop-cap-view-stacked .elementor-drop-cap{background-color:#69727d;color:#fff}.elementor-widget-text-editor.elementor-drop-cap-view-framed .elementor-drop-cap{color:#69727d;border:3px solid;background-color:transparent}.elementor-widget-text-editor:not(.elementor-drop-cap-view-default) .elementor-drop-cap{margin-top:8px}.elementor-widget-text-editor:not(.elementor-drop-cap-view-default) .elementor-drop-cap-letter{width:1em;height:1em}.elementor-widget-text-editor .elementor-drop-cap{float:left;text-align:center;line-height:1;font-size:50px}.elementor-widget-text-editor .elementor-drop-cap-letter{display:inline-block}<\/style>\t\t\t\t<h1>Consejo Directivo Nacional<\/h1>\t\t\t\t\t\t<\/div>\n\t\t\t\t<\/div>\n\t\t\t\t\t<\/div>\n\t\t<\/div>\n\t\t\t\t\t\t\t<\/div>\n\t\t<\/section>\n\t\t\t\t<section class=\"elementor-section elementor-top-section elementor-element elementor-element-7e05ca7 elementor-section-boxed elementor-section-height-default elementor-section-height-default\" data-id=\"7e05ca7\" data-element_type=\"section\">\n\t\t\t\t\t\t<div class=\"elementor-container elementor-column-gap-default\">\n\t\t\t\t\t<div class=\"elementor-column elementor-col-100 elementor-top-column elementor-element elementor-element-7ec7c25\" data-id=\"7ec7c25\" data-element_type=\"column\">\n\t\t\t<div class=\"elementor-widget-wrap elementor-element-populated\">\n\t\t\t\t\t\t\t\t<div class=\"elementor-element elementor-element-51c726a elementor-widget elementor-widget-text-editor\" data-id=\"51c726a\" data-element_type=\"widget\" data-widget_type=\"text-editor.default\">\n\t\t\t\t<div class=\"elementor-widget-container\">\n\t\t\t\t\t\t\t<h2 class=\"section-heading\">Bienio 2024-2026<\/h2>\t\t\t\t\t\t<\/div>\n\t\t\t\t<\/div>\n\t\t\t\t\t<\/div>\n\t\t<\/div>\n\t\t\t\t\t\t\t<\/div>\n\t\t<\/section>\n\t\t\t\t<section class=\"elementor-section elementor-top-section elementor-element elementor-element-ee036c2 elementor-section-boxed elementor-section-height-default elementor-section-height-default\" data-id=\"ee036c2\" data-element_type=\"section\">\n\t\t\t\t\t\t<div class=\"elementor-container elementor-column-gap-default\">\n\t\t\t\t\t<div class=\"elementor-column elementor-col-50 elementor-top-column elementor-element elementor-element-b235f81\" data-id=\"b235f81\" data-element_type=\"column\">\n\t\t\t<div class=\"elementor-widget-wrap elementor-element-populated\">\n\t\t\t\t\t\t\t\t<div class=\"elementor-element elementor-element-03b6a1e elementor-widget elementor-widget-text-editor\" data-id=\"03b6a1e\" data-element_type=\"widget\" data-widget_type=\"text-editor.default\">\n\t\t\t\t<div class=\"elementor-widget-container\">\n\t\t\t\t\t\t\t<h3 style=\"text-align: center;\" align=\"center\">Presidente<\/h3><p style=\"text-align: center;\" align=\"center\">M. C. Rub\u00e9n del Pozo Mendoza<\/p><h4 style=\"text-align: center;\" align=\"center\">Vicepresidente Administrativo<\/h4><p style=\"text-align: center;\" align=\"center\">\u00a0Ing. Juli\u00e1n Chavira Quintana<\/p><h4 style=\"text-align: center;\" align=\"center\">Vicepresidente T\u00e9cnico<\/h4><p style=\"text-align: center;\" align=\"center\">Ing. Gabriel Jesus Zendejas Palacios<\/p><h4 style=\"text-align: center;\" align=\"center\">Vicepresidente de Sostentabilidad<\/h4><p style=\"text-align: center;\">Ing. Pedro Rub\u00e9n Mireles Calixto<\/p>\t\t\t\t\t\t<\/div>\n\t\t\t\t<\/div>\n\t\t\t\t\t<\/div>\n\t\t<\/div>\n\t\t\t\t<div class=\"elementor-column elementor-col-50 elementor-top-column elementor-element elementor-element-25270fb\" data-id=\"25270fb\" data-element_type=\"column\">\n\t\t\t<div class=\"elementor-widget-wrap elementor-element-populated\">\n\t\t\t\t\t\t\t\t<div class=\"elementor-element elementor-element-df0c07c elementor-widget elementor-widget-text-editor\" data-id=\"df0c07c\" data-element_type=\"widget\" data-widget_type=\"text-editor.default\">\n\t\t\t\t<div class=\"elementor-widget-container\">\n\t\t\t\t\t\t\t<h4><span style=\"color: #000000;\">Secretario<\/span><\/h4><p align=\"center\">\u00a0Mtr. Luis Thomson V\u00e1zquez<\/p><h4><span style=\"color: #000000;\">Tesorero<\/span><\/h4><p align=\"center\">M.B.A. Ricardo Ortiz Hern\u00e1ndez<\/p>\t\t\t\t\t\t<\/div>\n\t\t\t\t<\/div>\n\t\t\t\t<div class=\"elementor-element elementor-element-fd20fe4 elementor-widget elementor-widget-text-editor\" data-id=\"fd20fe4\" data-element_type=\"widget\" data-widget_type=\"text-editor.default\">\n\t\t\t\t<div class=\"elementor-widget-container\">\n\t\t\t\t\t\t\t<h4 align=\"center\"><span style=\"color: #000000;\">Coordinadores Regionales<\/span><\/h4><p>Ing. Marie! M\u00e1rquez Guti\u00e9rrez<\/p><div>M.Eng. Miguel Mu\u00f1oz P\u00e9rez<\/div><div>\u00a0<\/div><div>M.B.A. Francisco Y\u00e1\u00f1ez Mondrag\u00f3n<\/div><div>\u00a0<\/div>\t\t\t\t\t\t<\/div>\n\t\t\t\t<\/div>\n\t\t\t\t\t<\/div>\n\t\t<\/div>\n\t\t\t\t\t\t\t<\/div>\n\t\t<\/section>\n\t\t\t\t\t\t\t<\/div>\n\t\t","protected":false},"excerpt":{"rendered":"<p>Consejo Directivo Nacional Bienio 2024-2026 Presidente M. C. Rub\u00e9n del Pozo Mendoza Vicepresidente Administrativo \u00a0Ing. Juli\u00e1n Chavira Quintana Vicepresidente T\u00e9cnico Ing. Gabriel Jesus Zendejas Palacios Vicepresidente de Sostentabilidad Ing. Pedro Rub\u00e9n Mireles Calixto Secretario \u00a0Mtr. Luis Thomson V\u00e1zquez Tesorero M.B.A. Ricardo Ortiz Hern\u00e1ndez Coordinadores Regionales Ing. Marie! M\u00e1rquez Guti\u00e9rrez M.Eng. Miguel Mu\u00f1oz P\u00e9rez\u00a0M.B.A. Francisco Y\u00e1\u00f1ez&hellip;&nbsp;<a href=\"https:\/\/geomin.com.mx\/index.php\/consejo-directivo-nacional\/\" class=\"\" rel=\"bookmark\">Leer m\u00e1s &raquo;<span class=\"screen-reader-text\">Consejo Directivo Nacional<\/span><\/a><\/p>\n","protected":false},"author":1,"featured_media":0,"parent":0,"menu_order":0,"comment_status":"closed","ping_status":"closed","template":"page-templates\/template-pagebuilder-full-width.php","meta":{"neve_meta_sidebar":"","neve_meta_container":"","neve_meta_enable_content_width":"","neve_meta_content_width":0,"neve_meta_title_alignment":"","neve_meta_author_avatar":"","neve_post_elements_order":"","neve_meta_disable_header":"","neve_meta_disable_footer":"","neve_meta_disable_title":"","_ti_tpc_template_sync":false,"_ti_tpc_template_id":"","footnotes":""},"class_list":["post-45","page","type-page","status-publish","hentry"],"_links":{"self":[{"href":"https:\/\/geomin.com.mx\/index.php\/wp-json\/wp\/v2\/pages\/45","targetHints":{"allow":["GET"]}}],"collection":[{"href":"https:\/\/geomin.com.mx\/index.php\/wp-json\/wp\/v2\/pages"}],"about":[{"href":"https:\/\/geomin.com.mx\/index.php\/wp-json\/wp\/v2\/types\/page"}],"author":[{"embeddable":true,"href":"https:\/\/geomin.com.mx\/index.php\/wp-json\/wp\/v2\/users\/1"}],"replies":[{"embeddable":true,"href":"https:\/\/geomin.com.mx\/index.php\/wp-json\/wp\/v2\/comments?post=45"}],"version-history":[{"count":53,"href":"https:\/\/geomin.com.mx\/index.php\/wp-json\/wp\/v2\/pages\/45\/revisions"}],"predecessor-version":[{"id":2158,"href":"https:\/\/geomin.com.mx\/index.php\/wp-json\/wp\/v2\/pages\/45\/revisions\/2158"}],"wp:attachment":[{"href":"https:\/\/geomin.com.mx\/index.php\/wp-json\/wp\/v2\/media?parent=45"}],"curies":[{"name":"wp","href":"https:\/\/api.w.org\/{rel}","templated":true}]}}