{"id":40,"date":"2023-08-18T23:03:21","date_gmt":"2023-08-18T23:03:21","guid":{"rendered":"https:\/\/geomin.com.mx\/web2023\/?page_id=40"},"modified":"2023-08-28T18:09:27","modified_gmt":"2023-08-28T18:09:27","slug":"normas-editoriales-para-articulos","status":"publish","type":"page","link":"https:\/\/geomin.com.mx\/index.php\/normas-editoriales-para-articulos\/","title":{"rendered":"Normas Editoriales para Art\u00edculos"},"content":{"rendered":"\t\t<div data-elementor-type=\"wp-page\" data-elementor-id=\"40\" class=\"elementor elementor-40\">\n\t\t\t\t\t\t\t\t\t<section class=\"elementor-section elementor-top-section elementor-element elementor-element-a68e568 elementor-section-height-min-height elementor-section-boxed elementor-section-height-default elementor-section-items-middle\" data-id=\"a68e568\" data-element_type=\"section\" data-settings=\"{&quot;background_background&quot;:&quot;classic&quot;}\">\n\t\t\t\t\t\t<div class=\"elementor-container elementor-column-gap-default\">\n\t\t\t\t\t<div class=\"elementor-column elementor-col-100 elementor-top-column elementor-element elementor-element-32f2d70\" data-id=\"32f2d70\" data-element_type=\"column\">\n\t\t\t<div class=\"elementor-widget-wrap elementor-element-populated\">\n\t\t\t\t\t\t\t\t<div class=\"elementor-element elementor-element-ce685be elementor-widget elementor-widget-text-editor\" data-id=\"ce685be\" data-element_type=\"widget\" data-widget_type=\"text-editor.default\">\n\t\t\t\t<div class=\"elementor-widget-container\">\n\t\t\t<style>\/*! elementor - v3.15.0 - 09-08-2023 *\/\n.elementor-widget-text-editor.elementor-drop-cap-view-stacked .elementor-drop-cap{background-color:#69727d;color:#fff}.elementor-widget-text-editor.elementor-drop-cap-view-framed .elementor-drop-cap{color:#69727d;border:3px solid;background-color:transparent}.elementor-widget-text-editor:not(.elementor-drop-cap-view-default) .elementor-drop-cap{margin-top:8px}.elementor-widget-text-editor:not(.elementor-drop-cap-view-default) .elementor-drop-cap-letter{width:1em;height:1em}.elementor-widget-text-editor .elementor-drop-cap{float:left;text-align:center;line-height:1;font-size:50px}.elementor-widget-text-editor .elementor-drop-cap-letter{display:inline-block}<\/style>\t\t\t\t<h2>Normas Editoriales para Art\u00edculos<\/h2>\t\t\t\t\t\t<\/div>\n\t\t\t\t<\/div>\n\t\t\t\t\t<\/div>\n\t\t<\/div>\n\t\t\t\t\t\t\t<\/div>\n\t\t<\/section>\n\t\t\t\t<section class=\"elementor-section elementor-top-section elementor-element elementor-element-efa0604 elementor-section-boxed elementor-section-height-default elementor-section-height-default\" data-id=\"efa0604\" data-element_type=\"section\">\n\t\t\t\t\t\t<div class=\"elementor-container elementor-column-gap-default\">\n\t\t\t\t\t<div class=\"elementor-column elementor-col-100 elementor-top-column elementor-element elementor-element-1b121a7\" data-id=\"1b121a7\" data-element_type=\"column\">\n\t\t\t<div class=\"elementor-widget-wrap elementor-element-populated\">\n\t\t\t\t\t\t\t\t<div class=\"elementor-element elementor-element-212d710 elementor-widget elementor-widget-text-editor\" data-id=\"212d710\" data-element_type=\"widget\" data-widget_type=\"text-editor.default\">\n\t\t\t\t<div class=\"elementor-widget-container\">\n\t\t\t\t\t\t\t<h3 class=\"section-heading\">Enero 2013<br \/>LINEAMIENTOS GENERALES<\/h3>\t\t\t\t\t\t<\/div>\n\t\t\t\t<\/div>\n\t\t\t\t\t<\/div>\n\t\t<\/div>\n\t\t\t\t\t\t\t<\/div>\n\t\t<\/section>\n\t\t\t\t<section class=\"elementor-section elementor-top-section elementor-element elementor-element-082b974 elementor-section-boxed elementor-section-height-default elementor-section-height-default\" data-id=\"082b974\" data-element_type=\"section\">\n\t\t\t\t\t\t<div class=\"elementor-container elementor-column-gap-default\">\n\t\t\t\t\t<div class=\"elementor-column elementor-col-50 elementor-top-column elementor-element elementor-element-5cd520e\" data-id=\"5cd520e\" data-element_type=\"column\">\n\t\t\t<div class=\"elementor-widget-wrap elementor-element-populated\">\n\t\t\t\t\t\t\t\t<div class=\"elementor-element elementor-element-8dcef77 elementor-widget elementor-widget-text-editor\" data-id=\"8dcef77\" data-element_type=\"widget\" data-widget_type=\"text-editor.default\">\n\t\t\t\t<div class=\"elementor-widget-container\">\n\t\t\t\t\t\t\t<p class=\"text-justify\">Las contribuciones pueden ser art\u00edculos originales de investigaci\u00f3n, trabajos de revisi\u00f3n y comunicaciones cortas, en espa\u00f1ol o ingl\u00e9s.<\/p><p class=\"text-justify\">Los trabajos deber\u00e1n ser enviados por v\u00eda electr\u00f3nica a la Coordinadora de Publicaciones, Alicia Rico M. (<a href=\"mailto:alicia_rico@yahoo.com\">alicia_rico@yahoo.com<\/a>).<\/p><p class=\"text-justify\">Las contribuciones se recibir\u00e1n en un solo env\u00edo que contenga: (1) El manuscrito en formato PDF o MS Word, escrito en un m\u00e1ximo de 10 cuartillas, a doble espacio, con m\u00e1rgenes de 3 cm por cada lado, en letra Arial de 12 puntos, con n\u00famero de p\u00e1gina empezando con la p\u00e1gina del t\u00edtulo, el nombre y filiaci\u00f3n del autor o los autores, indicando la direcci\u00f3n de correo electr\u00f3nico del autor al que se enviar\u00e1 la correspondencia. S\u00f3lo texto sin insertar figuras o tablas. El manuscrito debe contener un Resumen en espa\u00f1ol y en ingl\u00e9s; (2) incluir una carta del autor principal o del autor corresponsable expresando que el material sometido no ha sido publicado previamente; (3) figuras; (4) tablas; (5) explicaci\u00f3n de figuras indicando el n\u00famero correspondiente y enlistadas en un texto por separado, escrito de igual forma que el manuscrito.Debido al car\u00e1cter de divulgaci\u00f3n de la revista, el n\u00famero de figuras y tablas debe estar balanceado con el texto, por lo que se requieren al menos 1 figura (o tabla) por cada 2 cuartillas de texto, y un m\u00e1ximo de 1 figura (o tabla) por cuartilla.<\/p>\t\t\t\t\t\t<\/div>\n\t\t\t\t<\/div>\n\t\t\t\t\t<\/div>\n\t\t<\/div>\n\t\t\t\t<div class=\"elementor-column elementor-col-50 elementor-top-column elementor-element elementor-element-bca8986\" data-id=\"bca8986\" data-element_type=\"column\">\n\t\t\t<div class=\"elementor-widget-wrap elementor-element-populated\">\n\t\t\t\t\t\t\t\t<div class=\"elementor-element elementor-element-2fad820 elementor-widget elementor-widget-text-editor\" data-id=\"2fad820\" data-element_type=\"widget\" data-widget_type=\"text-editor.default\">\n\t\t\t\t<div class=\"elementor-widget-container\">\n\t\t\t\t\t\t\t<p class=\"text-justify\">En el caso de las ilustraciones, \u00e9stas deber\u00e1n servir como material de apoyo al texto; deber\u00e1n citarse en el texto, y en el caso de no ser material original, deber\u00e1 citarse claramente su fuente en el pie de la ilustraci\u00f3n.\u00a0\u00a0<\/p><p class=\"text-justify\">Los manuscritos sometidos ser\u00e1n enviados por lo menos a dos \u00e1rbitros para su evaluaci\u00f3n, quienes decidir\u00e1n la aceptaci\u00f3n o rechazo del mismo. Los trabajos que no cumplan con estas normas ser\u00e1n devueltos al autor responsable para su modificaci\u00f3n antes de ser enviados a los \u00e1rbitros.<\/p><p class=\"text-justify\">Despu\u00e9s de la evaluaci\u00f3n, el manuscrito ser\u00e1 enviado al autor responsable, para que considere las recomendaciones hechas por los \u00e1rbitros. El autor regresar\u00e1 el manuscrito corregido al Editor en Jefe en un plazo no mayor a 1 mes. En caso de no atender alguna de las recomendaciones, el autor deber\u00e1 aclarar las razones por las que est\u00e9 en desacuerdo con las observaciones del (o los) \u00e1rbitro(s).<\/p><p class=\"text-justify\">Una vez aceptado el manuscrito, las pruebas de galera ser\u00e1n enviadas al autor en un archivo en formato PDF, para la revisi\u00f3n final de la tipograf\u00eda y la edici\u00f3n. A partir de entonces, el contenido y edici\u00f3n del art\u00edculo son responsabilidad \u00fanicamente del (o los) autor(es).<\/p>\t\t\t\t\t\t<\/div>\n\t\t\t\t<\/div>\n\t\t\t\t\t<\/div>\n\t\t<\/div>\n\t\t\t\t\t\t\t<\/div>\n\t\t<\/section>\n\t\t\t\t<section class=\"elementor-section elementor-top-section elementor-element elementor-element-dc85021 elementor-section-boxed elementor-section-height-default elementor-section-height-default\" data-id=\"dc85021\" data-element_type=\"section\">\n\t\t\t\t\t\t<div class=\"elementor-container elementor-column-gap-default\">\n\t\t\t\t\t<div class=\"elementor-column elementor-col-50 elementor-top-column elementor-element elementor-element-4e7e1f7\" data-id=\"4e7e1f7\" data-element_type=\"column\">\n\t\t\t<div class=\"elementor-widget-wrap elementor-element-populated\">\n\t\t\t\t\t\t\t\t<div class=\"elementor-element elementor-element-66d8120 elementor-widget elementor-widget-text-editor\" data-id=\"66d8120\" data-element_type=\"widget\" data-widget_type=\"text-editor.default\">\n\t\t\t\t<div class=\"elementor-widget-container\">\n\t\t\t\t\t\t\t<h3 class=\"section-heading\">FORMATO DEL MANUSCRITO<\/h3><p class=\"text-justify\">El material sometido debe cumplir adem\u00e1s con lo siguiente:<\/p><p class=\"text-justify\">Cada figura debe aparecer en un archivo electr\u00f3nico separado y claramente identificado con el apellido del primer autor y el n\u00famero de figura. Las figuras pueden enviarse en el formato nativo, preferentemente Illustrator, o Freehand, aunque tambi\u00e9n pueden ser enviadas en formato PDF, Si el material incluye fotograf\u00edas, \u00e9stas deber\u00e1n enviarse en formato TIFF o JPG, con una resoluci\u00f3n m\u00ednima de 300 dpi.<\/p><p class=\"text-justify\">Las tablas deben enviarse en un archivo electr\u00f3nico separado, identificando el nombre del primer autor y el n\u00famero de tabla correspondiente. Las tablas deber\u00e1n estar elaboradas en formato MS Word o MS Excel, y llevar n\u00famero de tabla y t\u00edtulo.<br \/>Indicaciones generales:<br \/><br \/>La organizaci\u00f3n del manuscrito debe ser en el orden siguiente: t\u00edtulo; autores; filiaci\u00f3n; resumen en espa\u00f1ol; palabras clave en espa\u00f1ol; abstract en ingl\u00e9s; palabras clave en ingl\u00e9s; texto principal; agradecimientos; referencias bibliogr\u00e1ficas; pie de figuras; figuras; tablas.<br \/><br \/>Los nombres de los autores deben incluir sus nombre(s) y apellido(s) completos, seguido por su filiaci\u00f3n y direcci\u00f3n postal completa. Incluir la direcci\u00f3n de correo electr\u00f3nico del autor a quien se dirigir\u00e1 la correspondencia.<br \/><br \/>El resumen debe presentarse en espa\u00f1ol y su traducci\u00f3n al ingl\u00e9s, en un m\u00e1ximo de 400 palabras, y suficientemente informativo. El resumen no debe incluir abreviaturas ni referencias bibliogr\u00e1ficas.<\/p><p class=\"text-justify\">Las palabras clave deben ser 4 a 6 palabras que condense de la mejor manera el contenido del manuscrito.\u00a0<\/p><p class=\"text-justify\">En cuanto al texto, los autores deber\u00e1n hacer un uso correcto de las reglas gramaticales, acentos, uso de may\u00fasculas, signos de puntuaci\u00f3n, etc.<\/p>\t\t\t\t\t\t<\/div>\n\t\t\t\t<\/div>\n\t\t\t\t\t<\/div>\n\t\t<\/div>\n\t\t\t\t<div class=\"elementor-column elementor-col-50 elementor-top-column elementor-element elementor-element-414bb0b\" data-id=\"414bb0b\" data-element_type=\"column\">\n\t\t\t<div class=\"elementor-widget-wrap elementor-element-populated\">\n\t\t\t\t\t\t\t\t<div class=\"elementor-element elementor-element-e773edb elementor-widget elementor-widget-text-editor\" data-id=\"e773edb\" data-element_type=\"widget\" data-widget_type=\"text-editor.default\">\n\t\t\t\t<div class=\"elementor-widget-container\">\n\t\t\t\t\t\t\t<p>\u00a0<\/p><p class=\"text-justify\">Para la jerarqu\u00eda de los cap\u00edtulos y subcap\u00edtulos se seguir\u00e1 lo siguiente:<strong><br \/>&#8211; Primer nivel<\/strong>, en may\u00fasculas, negritas, alineaci\u00f3n centrada.<br \/><strong>&#8211; Segundo nivel<\/strong>, may\u00fasculas y min\u00fasculas, negritas, alineaci\u00f3n izquierda.<br \/><strong>&#8211; Tercer nivel<\/strong>, may\u00fasculas y min\u00fasculas, cursiva, negritas, alineaci\u00f3n izquierda.<\/p><p class=\"text-justify\">Las palabras y abreviaciones provenientes de otro idioma se escribir\u00e1n en letra cursiva (<em>et al<\/em>.,\u00a0<em>ca<\/em>., etc.). Si se usan acr\u00f3nimos, \u00e9stos deben definirse la primera vez que aparezcan en el texto.<br \/>Las referencias bibliogr\u00e1ficas deben corresponder a aquellas que se citan en el texto. Las citas deben incluir el apellido del autor, como aparece en el trabajo original, sin incluir nombres ni iniciales, seguido del a\u00f1o de publicaci\u00f3n, por ejemplo: (Ochoa-Land\u00edn, 1994), o si forma parte de la frase solamente el a\u00f1o se escribir\u00e1 entre par\u00e9ntesis: como lo menciona Ochoa-Land\u00edn (1994).<\/p><p class=\"text-justify\">Cuando el trabajo citado tenga dos autores se incluir\u00e1n los apellidos de los dos, y si existe un n\u00famero mayor de autores se citar\u00e1 al primer autor seguido de la expresi\u00f3n \u201cet al.,\u201d, por ejemplo, Ochoa-Land\u00edn et al. (1994), o bien (Ochoa-Land\u00edn et al., 1994).<br \/><br \/>Las referencias bibliogr\u00e1ficas deben llevar un orden alfab\u00e9tico y cronol\u00f3gico, Si se presentan varios trabajos de un mismo primer autor, por ejemplo:<\/p><p class=\"text-justify\">Atkinson, W.W., Jr., and Einaudi, M.T., 1978, skarn formation and mineralization in the contact aureole at Carr Fork, Bingham, Utah: Economic Geology, v. 73, p. 1326-1365.<\/p><p class=\"text-justify\">Bagby, W.C., Menzie, W.D., Mosier, D.L., and Singer, D.A., 1986, Grade and tonnage model of carbonate-hosted Au-Ag, in Cox, D.P. and Singer, D.A., eds., Mineral deposit models: U.S. Geological Survey Bulletin 1693, p. 175-177.<\/p>\t\t\t\t\t\t<\/div>\n\t\t\t\t<\/div>\n\t\t\t\t\t<\/div>\n\t\t<\/div>\n\t\t\t\t\t\t\t<\/div>\n\t\t<\/section>\n\t\t\t\t\t\t\t<\/div>\n\t\t","protected":false},"excerpt":{"rendered":"<p>Normas Editoriales para Art\u00edculos Enero 2013LINEAMIENTOS GENERALES Las contribuciones pueden ser art\u00edculos originales de investigaci\u00f3n, trabajos de revisi\u00f3n y comunicaciones cortas, en espa\u00f1ol o ingl\u00e9s. Los trabajos deber\u00e1n ser enviados por v\u00eda electr\u00f3nica a la Coordinadora de Publicaciones, Alicia Rico M. (alicia_rico@yahoo.com). Las contribuciones se recibir\u00e1n en un solo env\u00edo que contenga: (1) El manuscrito&hellip;&nbsp;<a href=\"https:\/\/geomin.com.mx\/index.php\/normas-editoriales-para-articulos\/\" class=\"\" rel=\"bookmark\">Leer m\u00e1s &raquo;<span class=\"screen-reader-text\">Normas Editoriales para Art\u00edculos<\/span><\/a><\/p>\n","protected":false},"author":2,"featured_media":0,"parent":0,"menu_order":0,"comment_status":"closed","ping_status":"closed","template":"page-templates\/template-pagebuilder-full-width.php","meta":{"neve_meta_sidebar":"","neve_meta_container":"","neve_meta_enable_content_width":"","neve_meta_content_width":0,"neve_meta_title_alignment":"","neve_meta_author_avatar":"","neve_post_elements_order":"","neve_meta_disable_header":"","neve_meta_disable_footer":"","neve_meta_disable_title":"","_ti_tpc_template_sync":false,"_ti_tpc_template_id":"","footnotes":""},"class_list":["post-40","page","type-page","status-publish","hentry"],"_links":{"self":[{"href":"https:\/\/geomin.com.mx\/index.php\/wp-json\/wp\/v2\/pages\/40","targetHints":{"allow":["GET"]}}],"collection":[{"href":"https:\/\/geomin.com.mx\/index.php\/wp-json\/wp\/v2\/pages"}],"about":[{"href":"https:\/\/geomin.com.mx\/index.php\/wp-json\/wp\/v2\/types\/page"}],"author":[{"embeddable":true,"href":"https:\/\/geomin.com.mx\/index.php\/wp-json\/wp\/v2\/users\/2"}],"replies":[{"embeddable":true,"href":"https:\/\/geomin.com.mx\/index.php\/wp-json\/wp\/v2\/comments?post=40"}],"version-history":[{"count":7,"href":"https:\/\/geomin.com.mx\/index.php\/wp-json\/wp\/v2\/pages\/40\/revisions"}],"predecessor-version":[{"id":169,"href":"https:\/\/geomin.com.mx\/index.php\/wp-json\/wp\/v2\/pages\/40\/revisions\/169"}],"wp:attachment":[{"href":"https:\/\/geomin.com.mx\/index.php\/wp-json\/wp\/v2\/media?parent=40"}],"curies":[{"name":"wp","href":"https:\/\/api.w.org\/{rel}","templated":true}]}}