{"id":30,"date":"2023-08-18T22:12:31","date_gmt":"2023-08-18T22:12:31","guid":{"rendered":"https:\/\/geomin.com.mx\/web2023\/?page_id=30"},"modified":"2026-03-06T00:48:18","modified_gmt":"2026-03-06T00:48:18","slug":"aviso-de-privacidad","status":"publish","type":"page","link":"https:\/\/geomin.com.mx\/index.php\/aviso-de-privacidad\/","title":{"rendered":"Aviso de Privacidad"},"content":{"rendered":"\t\t<div data-elementor-type=\"wp-page\" data-elementor-id=\"30\" class=\"elementor elementor-30\">\n\t\t\t\t\t\t\t\t\t<section class=\"elementor-section elementor-top-section elementor-element elementor-element-83c175c elementor-section-height-min-height elementor-section-boxed elementor-section-height-default elementor-section-items-middle\" data-id=\"83c175c\" data-element_type=\"section\" data-settings=\"{&quot;background_background&quot;:&quot;classic&quot;}\">\n\t\t\t\t\t\t<div class=\"elementor-container elementor-column-gap-default\">\n\t\t\t\t\t<div class=\"elementor-column elementor-col-100 elementor-top-column elementor-element elementor-element-e63eb4a\" data-id=\"e63eb4a\" data-element_type=\"column\">\n\t\t\t<div class=\"elementor-widget-wrap elementor-element-populated\">\n\t\t\t\t\t\t\t\t<div class=\"elementor-element elementor-element-163fe91 elementor-widget elementor-widget-text-editor\" data-id=\"163fe91\" data-element_type=\"widget\" data-widget_type=\"text-editor.default\">\n\t\t\t\t<div class=\"elementor-widget-container\">\n\t\t\t<style>\/*! elementor - v3.15.0 - 09-08-2023 *\/\n.elementor-widget-text-editor.elementor-drop-cap-view-stacked .elementor-drop-cap{background-color:#69727d;color:#fff}.elementor-widget-text-editor.elementor-drop-cap-view-framed .elementor-drop-cap{color:#69727d;border:3px solid;background-color:transparent}.elementor-widget-text-editor:not(.elementor-drop-cap-view-default) .elementor-drop-cap{margin-top:8px}.elementor-widget-text-editor:not(.elementor-drop-cap-view-default) .elementor-drop-cap-letter{width:1em;height:1em}.elementor-widget-text-editor .elementor-drop-cap{float:left;text-align:center;line-height:1;font-size:50px}.elementor-widget-text-editor .elementor-drop-cap-letter{display:inline-block}<\/style>\t\t\t\t<h1>Aviso de Privacidad<\/h1>\t\t\t\t\t\t<\/div>\n\t\t\t\t<\/div>\n\t\t\t\t\t<\/div>\n\t\t<\/div>\n\t\t\t\t\t\t\t<\/div>\n\t\t<\/section>\n\t\t\t\t<section class=\"elementor-section elementor-top-section elementor-element elementor-element-a60d485 elementor-section-boxed elementor-section-height-default elementor-section-height-default\" data-id=\"a60d485\" data-element_type=\"section\">\n\t\t\t\t\t\t<div class=\"elementor-container elementor-column-gap-default\">\n\t\t\t\t\t<div class=\"elementor-column elementor-col-100 elementor-top-column elementor-element elementor-element-162103d\" data-id=\"162103d\" data-element_type=\"column\">\n\t\t\t<div class=\"elementor-widget-wrap elementor-element-populated\">\n\t\t\t\t\t\t\t\t<div class=\"elementor-element elementor-element-1025dba elementor-widget elementor-widget-text-editor\" data-id=\"1025dba\" data-element_type=\"widget\" data-widget_type=\"text-editor.default\">\n\t\t\t\t<div class=\"elementor-widget-container\">\n\t\t\t\t\t\t\t<div class=\"col-lg-6\"><p><strong><em>Actualizado al 28 de agosto de 2025<\/em><\/strong><\/p><div class=\"team-member\"><p>Por medio del presente documento, y en cumplimiento con la Ley Federal de Protecci\u00f3n de Datos Personales en Posesi\u00f3n de Particulares (la \u201cLey) le informamos sobre sus derechos inherentes a la informaci\u00f3n personal que nos ha proporcionado de manera voluntaria o que nos proporcionar\u00e1 en el futuro.<\/p><h3><strong>IDENTIDAD Y DOMICILIO DEL RESPONSABLE.<\/strong><\/h3><p><strong>Asociaci\u00f3n de Ingenieros de Minas, Metalurgistas y Ge\u00f3logos de M\u00e9xico, A.C<\/strong>., la cual se identifica en este documento como la \u201c<strong><u>Responsable<\/u><\/strong>\u201d, con domicilio en Av. Del Parque No. 54, Colonia N\u00e1poles, Delegaci\u00f3n Benito Ju\u00e1rez, C.P. 03810, M\u00e9xico, D.F., y n\u00famero de tel\u00e9fono 55.43.91.30. La Responsable es una Asociaci\u00f3n Civil sin fines de lucro, conformada por profesionales y personas relacionadas con la industria minero-metal\u00fargica, as\u00ed como aquellos que laboran en empresas prestadoras de servicios para esta industria. Esta Asociaci\u00f3n agrupa a sus asociados en Distritos, los cuales cuentan con autonom\u00eda administrativa en su organizaci\u00f3n y funcionamiento interno, pero forman parte de la misma Asociaci\u00f3n Civil. Por lo tanto, para los efectos de este Aviso de Privacidad, se consideran como la \u201cResponsable\u201d.<\/p><h3><strong>DATOS PERSONALES QUE SE RECABAN<\/strong><\/h3><p><span style=\"color: var( --e-global-color-text ); font-family: var( --e-global-typography-text-font-family ), Sans-serif; font-weight: var( --e-global-typography-text-font-weight ); font-size: var(--bodyfontsize); letter-spacing: var(--bodyletterspacing); text-transform: var(--bodytexttransform); background-color: var(--nv-site-bg);\">Para las finalidades posteriormente se\u00f1aladas en el presente Aviso de Privacidad, la Responsable podr\u00eda recabar sus datos personales de distintas formas: personalmente, por medio de formatos impresos, v\u00eda electr\u00f3nica, \u00f3ptica, sonora, visual o a trav\u00e9s de cualquier otra tecnolog\u00eda, considerando de manera enunciativa m\u00e1s no limitativa los siguientes: cuando usted nos los proporciona directamente de manera personal en las oficinas de la Responsable, as\u00ed como en las oficinas de los Distritos de la Responsable, mediante al inscripci\u00f3n en los diversos eventos que organiza la Responsable, por los medios tecnol\u00f3gicos tales como: el acceso al sitio web disponible en la URL www. <\/span><a style=\"font-family: var( --e-global-typography-text-font-family ), Sans-serif; font-weight: var( --e-global-typography-text-font-weight ); font-size: var(--bodyfontsize); letter-spacing: var(--bodyletterspacing); text-transform: var(--bodytexttransform); background-color: var(--nv-site-bg);\" href=\"https:\/\/geomin.com.mx\">https:\/\/geomin.com.mx<\/a><span style=\"color: var( --e-global-color-text ); font-family: var( --e-global-typography-text-font-family ), Sans-serif; font-weight: var( --e-global-typography-text-font-weight ); font-size: var(--bodyfontsize); letter-spacing: var(--bodyletterspacing); text-transform: var(--bodytexttransform); background-color: var(--nv-site-bg);\"> (en adelante el \u201cSitio\u201d), por correo electr\u00f3nico, redes sociales tales como Facebook, Instagram, Youtube, Twitter, etc. (las \u201cRedes Sociales\u201d), v\u00eda telef\u00f3nica, mensajer\u00eda instant\u00e1nea oficiales informados por la Responsables (\u201cCanales de Contacto\u201d), la grabaci\u00f3n a trav\u00e9s de las c\u00e1maras tanto de seguridad como para la transmisi\u00f3n de eventos p\u00fablicos; y cualquiera otra fuente p\u00fablica permitida por la Ley.<\/span><\/p><p>Se hace de su conocimiento, que los datos personales que se recaban son: (i) Datos de Contacto: tales como nombre, domicilio, correo electr\u00f3nico, n\u00famero de tel\u00e9fono fijo, n\u00famero de tel\u00e9fono m\u00f3vil y datos de un contacto adicional. (ii) Datos Acad\u00e9micos: incluyendo profesi\u00f3n, grado de estudios e instituci\u00f3n. (iii) Datos Laborales, tales como: lugar de trabajo y puesto. (iv) Datos Fiscales: es decir, la informaci\u00f3n de car\u00e1cter fiscal que pueda ser solicitada ocasionalmente por las autoridades fiscales competentes, con el fin de cumplir con las disposiciones aplicables en esta materia. (v)Datos de Identificaci\u00f3n: que incluyen los contenidos en la identificaci\u00f3n oficial, como nombre, firma aut\u00f3grafa y\/o firma digital, registro federal de contribuyentes (RFC), fecha de nacimiento, edad, nacionalidad, CURP e imagen, todos ellos para fines de registro. (vi) Datos de Designaci\u00f3n de Beneficiarios.<\/p><p>La Responsable no obtendr\u00e1, ni tratara datos considerados como \u201cDatos Sensibles\u201d en los t\u00e9rminos del art\u00edculo 3. Fracci\u00f3n VI de la Ley, por lo no se solicitar\u00e1 ning\u00fan dato relacionado con su origen racial o \u00e9tnico, estado de salud presente o futuro, informaci\u00f3n gen\u00e9tica, creencias religiosas, filos\u00f3ficas y morales, opiniones pol\u00edticas y preferencia sexual.<\/p><p>La Responsable no asume ninguna responsabilidad por la veracidad ni la exactitud de los datos que usted nos haya proporcionado, ya que su funci\u00f3n se limita a recibir, registrar y conservar dicha informaci\u00f3n.<\/p><p>Los datos personales ser\u00e1n incorporados en un archivo de datos cuyo titular es la Responsable, conjuntamente con los Distritos, quien ha implementado las medidas de seguridad administrativas, t\u00e9cnicas y f\u00edsicas necesarias para proteger la informaci\u00f3n proporcionada.<\/p><h3><strong>FINALIDAD DEL TRATAMIENTO<\/strong><\/h3><p>Sus datos personales ser\u00e1n utilizados para las siguientes finalidades:(i) Registro como miembro de la Asociaci\u00f3n de Ingenieros de Minas, Metalurgistas y Ge\u00f3logos de M\u00e9xico, A.C. (ii) Env\u00edo de correspondencia, invitaciones a eventos,<\/p><\/div><\/div>\t\t\t\t\t\t<\/div>\n\t\t\t\t<\/div>\n\t\t\t\t\t<\/div>\n\t\t<\/div>\n\t\t\t\t\t\t\t<\/div>\n\t\t<\/section>\n\t\t\t\t<section class=\"elementor-section elementor-top-section elementor-element elementor-element-02a1f43 elementor-section-boxed elementor-section-height-default elementor-section-height-default\" data-id=\"02a1f43\" data-element_type=\"section\">\n\t\t\t\t\t\t<div class=\"elementor-container elementor-column-gap-default\">\n\t\t\t\t\t<div class=\"elementor-column elementor-col-100 elementor-top-column elementor-element elementor-element-8feeae5\" data-id=\"8feeae5\" data-element_type=\"column\">\n\t\t\t<div class=\"elementor-widget-wrap elementor-element-populated\">\n\t\t\t\t\t\t\t\t<div class=\"elementor-element elementor-element-17168ff elementor-widget elementor-widget-text-editor\" data-id=\"17168ff\" data-element_type=\"widget\" data-widget_type=\"text-editor.default\">\n\t\t\t\t<div class=\"elementor-widget-container\">\n\t\t\t\t\t\t\t<p>boletines informativos y actualizaciones sobre nuestros servicios, horarios y actividades a trav\u00e9s de correo electr\u00f3nico. (iii) Control de los socios registrados, incluyendo el cumplimiento de sus obligaciones. (iv) Clasificaci\u00f3n de los socios registrados por categor\u00eda y Distrito. (v) Informa sobre los beneficios que le corresponden como socio, y en su caso, el ejercicio de los mismos. (vi) Solicitar comentarios y sugerencias que usted env\u00ede de forma voluntaria, as\u00ed como personalizar art\u00edculos o contenido en nuestras herramientas, servicios o medios de difusi\u00f3n. (vii) Evaluar la elegibilidad para participar en las actividades de la Responsable. (viii) Recopilar datos estad\u00edsticos sobre la calidad de nuestros servicios y el nivel de satisfacci\u00f3n de los solicitantes. (ix) Emisi\u00f3n de facturas que cumplan con los requisitos fiscales establecidos por ley. (x) Dise\u00f1o y difusi\u00f3n de campa\u00f1as publicitarias e informativas. (xi) Informarle sobre nuevas actividades, eventos y servicios de la Responsable y sus Distritos. (xii) Difundir informaci\u00f3n a trav\u00e9s de correos electr\u00f3nicos, mensajes de texto, mensajes de voz, aplicaciones electr\u00f3nicas, cartas o avisos relacionados con reuniones generales, cursos, seminarios y eventos especiales masivos organizados por la Responsable y los Distritos. (xiii) Identificar y verificar los datos de identificaci\u00f3n de visitantes, socios, empleados y proveedores de la Responsable. (xiv) Atenci\u00f3n a procedimientos y requerimientos de autoridades federales, estatales o municipales. (xv) Realizar actividades internas como auditor\u00edas, an\u00e1lisis de datos, soluci\u00f3n de problemas de sistema e investigaci\u00f3n, fundamentando nuestro procesamiento en el inter\u00e9s leg\u00edtimo de llevar a cabo las actividades de la Responsable. (xvi) Cumplir con las leyes vigentes y ejercer los derechos legales como base para nuestro procesamiento de datos. (xvii) Cualquier otra finalidad an\u00e1loga o compatible con las anteriores.<\/p><p><span style=\"color: var( --e-global-color-text ); font-family: var( --e-global-typography-text-font-family ), Sans-serif; font-weight: var( --e-global-typography-text-font-weight ); background-color: var(--nv-site-bg); font-size: var(--bodyfontsize); letter-spacing: var(--bodyletterspacing); text-transform: var(--bodytexttransform);\">Los datos recabados a trav\u00e9s de las c\u00e1maras de seguridad consisten en im\u00e1genes captadas de todas las personas que asisten a las instalaciones de la Responsable y los Distritos, as\u00ed como grabaciones de voz e imagen con fines de seguridad y vigilancia. Los datos obtenidos durante los diversos eventos realizados por la Responsable y los Distritos se utilizan para la difusi\u00f3n de dichos eventos y actividades. Los registros de voz e imagen se conservar\u00e1n por un per\u00edodo prudente para garantizar la seguridad de los asistentes, el cual no exceder\u00e1 los 5 a\u00f1os.<\/span><\/p><p><strong>DERECHOS ARCO (ACCESO, RECTIFICACI\u00d3N, CANCELACI\u00d3N, Y OPOSICI\u00d3N)<\/strong><\/p><p>La Responsable hace de su conocimiento, que usted tiene el derecho de acceder, rectificar, cancelar u oponerse al tratamiento o divulgaci\u00f3n de sus datos personales, as\u00ed como revocar cualquier consentimiento otorgado previamente. Para ejercer estos derechos, deber\u00e1 contactar al Encargado de la guarda de sus datos personales, la C. Fabiola Sandoval Guti\u00e9rrez, quien puede ser contactada a trav\u00e9s del correo electr\u00f3nico privacidad@aimmgm.org.mx o al tel\u00e9fono 55.43.91.30, extensi\u00f3n 106 810, siguiendo el procedimiento y requisitos a continuaci\u00f3n: (i) Proporcionar, por escrito, su nombre completo y domicilio actual. (ii) Anexar copia de una identificaci\u00f3n oficial, como credencial para votar, licencia de conducir o pasaporte. (iii) Se\u00f1alar de manera clara y precisa los datos personales a los que desea acceder, rectificar, cancelar o el tratamiento al que desea oponerse. (iv) Cumplir con cualquier otro requisito que establezcan la ley, su reglamento y otras disposiciones aplicables.<\/p><p><strong>MEDIDAS DE SEGURIDAD.<\/strong><\/p><p><span style=\"background-color: var(--nv-site-bg); color: var( --e-global-color-text ); font-family: var( --e-global-typography-text-font-family ), Sans-serif; font-size: var(--bodyfontsize); font-weight: var( --e-global-typography-text-font-weight ); letter-spacing: var(--bodyletterspacing); text-transform: var(--bodytexttransform);\">La Responsable cuenta con las medidas administrativas, t\u00e9cnicas y f\u00edsicas que garantizan la protecci\u00f3n de sus datos personales frente a da\u00f1o, p\u00e9rdida, alteraci\u00f3n o uso no autorizado. En caso de vulneraci\u00f3n de seguridad que afecte significativamente los derechos patrimoniales o morales, estos le ser\u00e1n informados de forma inmediata, conforme al art\u00edculo 18 de la Ley.<\/span><\/p><p><strong>TRANSFERENCIA DE DATOS PERSONALES.<\/strong><\/p><p><span style=\"color: var( --e-global-color-text ); font-family: var( --e-global-typography-text-font-family ), Sans-serif; font-weight: var( --e-global-typography-text-font-weight ); background-color: var(--nv-site-bg); font-size: var(--bodyfontsize); letter-spacing: var(--bodyletterspacing); text-transform: var(--bodytexttransform);\">La Responsable hace de su conocimiento, que sus datos personales no ser\u00e1n compartidos con ninguna otra empresa, entidad o persona f\u00edsica, salvo en aquellos casos en que as\u00ed lo ordene un juez o se disponga por la Ley.<\/span><\/p><p><strong>CAMBIOS AL AVISO DE PRIVACIDAD.<\/strong><\/p><p>Cualquier cambio, modificaci\u00f3n o actualizaci\u00f3n a este Aviso de Privacidad ser\u00e1 comunicado a trav\u00e9s del Sitio, de manera oportuna y fehaciente conforme a los datos proporcionados por usted.<\/p><p><strong>ACTUALIZACI\u00d3N DE LOS DATOS PERSONALES.<\/strong><\/p><p>La Responsable tiene la obligaci\u00f3n de guardar y conservar los datos personales proporcionados, pero no de actualizarlos o modificarlos. Por lo tanto, si hubiera alg\u00fan cambio, usted deber\u00e1 notificarlo oportunamente y por escrito utilizando para tales efectos el formato de actualizaci\u00f3n de datos, o comunic\u00e1rselo por escrito al Encargado.<\/p><p>Para los fines legales correspondientes, la entrega de los datos personales, en t\u00e9rminos de este Aviso de Privacidad, sin que se manifieste una oposici\u00f3n expresa, se considerar\u00e1 como un consentimiento expreso para el uso de los datos personales y el conocimiento y aceptaci\u00f3n de este Aviso de Privacidad. Tienes el derecho de revocar tu Consentimiento en cualquier momento sin que tenga efectos retroactivos. Para realizarlo deber\u00e1s seguir el procedimiento establecido para el ejercicio de Derechos ARCO antes se\u00f1alado.<\/p>\t\t\t\t\t\t<\/div>\n\t\t\t\t<\/div>\n\t\t\t\t\t<\/div>\n\t\t<\/div>\n\t\t\t\t\t\t\t<\/div>\n\t\t<\/section>\n\t\t\t\t\t\t\t<\/div>\n\t\t","protected":false},"excerpt":{"rendered":"<p>Aviso de Privacidad Actualizado al 28 de agosto de 2025 Por medio del presente documento, y en cumplimiento con la Ley Federal de Protecci\u00f3n de Datos Personales en Posesi\u00f3n de Particulares (la \u201cLey) le informamos sobre sus derechos inherentes a la informaci\u00f3n personal que nos ha proporcionado de manera voluntaria o que nos proporcionar\u00e1 en&hellip;&nbsp;<a href=\"https:\/\/geomin.com.mx\/index.php\/aviso-de-privacidad\/\" class=\"\" rel=\"bookmark\">Leer m\u00e1s &raquo;<span class=\"screen-reader-text\">Aviso de Privacidad<\/span><\/a><\/p>\n","protected":false},"author":1,"featured_media":0,"parent":0,"menu_order":0,"comment_status":"closed","ping_status":"closed","template":"page-templates\/template-pagebuilder-full-width.php","meta":{"neve_meta_sidebar":"","neve_meta_container":"","neve_meta_enable_content_width":"","neve_meta_content_width":0,"neve_meta_title_alignment":"","neve_meta_author_avatar":"","neve_post_elements_order":"","neve_meta_disable_header":"","neve_meta_disable_footer":"","neve_meta_disable_title":"","_ti_tpc_template_sync":false,"_ti_tpc_template_id":"","footnotes":""},"class_list":["post-30","page","type-page","status-publish","hentry"],"_links":{"self":[{"href":"https:\/\/geomin.com.mx\/index.php\/wp-json\/wp\/v2\/pages\/30","targetHints":{"allow":["GET"]}}],"collection":[{"href":"https:\/\/geomin.com.mx\/index.php\/wp-json\/wp\/v2\/pages"}],"about":[{"href":"https:\/\/geomin.com.mx\/index.php\/wp-json\/wp\/v2\/types\/page"}],"author":[{"embeddable":true,"href":"https:\/\/geomin.com.mx\/index.php\/wp-json\/wp\/v2\/users\/1"}],"replies":[{"embeddable":true,"href":"https:\/\/geomin.com.mx\/index.php\/wp-json\/wp\/v2\/comments?post=30"}],"version-history":[{"count":23,"href":"https:\/\/geomin.com.mx\/index.php\/wp-json\/wp\/v2\/pages\/30\/revisions"}],"predecessor-version":[{"id":2106,"href":"https:\/\/geomin.com.mx\/index.php\/wp-json\/wp\/v2\/pages\/30\/revisions\/2106"}],"wp:attachment":[{"href":"https:\/\/geomin.com.mx\/index.php\/wp-json\/wp\/v2\/media?parent=30"}],"curies":[{"name":"wp","href":"https:\/\/api.w.org\/{rel}","templated":true}]}}